{"id":1807,"date":"2025-01-02T20:16:16","date_gmt":"2025-01-02T20:16:16","guid":{"rendered":"https:\/\/www.saboresdelaargentina.com\/muestra\/?page_id=1807"},"modified":"2025-01-23T18:11:28","modified_gmt":"2025-01-23T18:11:28","slug":"miel-de-cania-hebra-dorada","status":"publish","type":"page","link":"https:\/\/www.saboresdelaargentina.com\/index.php\/miel-de-cania-hebra-dorada\/","title":{"rendered":"Miel de Ca\u00f1a HEBRA DORADA"},"content":{"rendered":"\t\t<div data-elementor-type=\"wp-page\" data-elementor-id=\"1807\" class=\"elementor elementor-1807\">\n\t\t\t\t<div class=\"elementor-element elementor-element-f3c6f09 e-con-full e-flex wpr-particle-no wpr-jarallax-no wpr-parallax-no wpr-sticky-section-no wpr-equal-height-no e-con e-parent\" data-id=\"f3c6f09\" data-element_type=\"container\" data-e-type=\"container\" data-settings=\"{&quot;background_background&quot;:&quot;classic&quot;}\">\n\t\t<div class=\"elementor-element elementor-element-e1a701e e-con-full e-flex wpr-particle-no wpr-jarallax-no wpr-parallax-no wpr-sticky-section-no wpr-equal-height-no e-con e-child\" data-id=\"e1a701e\" data-element_type=\"container\" data-e-type=\"container\">\n\t\t\t\t<div class=\"elementor-element elementor-element-73978a7 elementor-widget elementor-widget-image\" data-id=\"73978a7\" data-element_type=\"widget\" data-e-type=\"widget\" data-widget_type=\"image.default\">\n\t\t\t\t<div class=\"elementor-widget-container\">\n\t\t\t\t\t\t\t\t\t\t\t\t\t\t\t<img fetchpriority=\"high\" decoding=\"async\" width=\"600\" height=\"600\" src=\"https:\/\/www.saboresdelaargentina.com\/wp-content\/uploads\/2025\/01\/miel-de-cania.png\" class=\"attachment-full size-full wp-image-1810\" alt=\"\" srcset=\"https:\/\/www.saboresdelaargentina.com\/wp-content\/uploads\/2025\/01\/miel-de-cania.png 600w, https:\/\/www.saboresdelaargentina.com\/wp-content\/uploads\/2025\/01\/miel-de-cania-300x300.png 300w, https:\/\/www.saboresdelaargentina.com\/wp-content\/uploads\/2025\/01\/miel-de-cania-150x150.png 150w\" sizes=\"(max-width: 600px) 100vw, 600px\" \/>\t\t\t\t\t\t\t\t\t\t\t\t\t\t\t<\/div>\n\t\t\t\t<\/div>\n\t\t\t\t<\/div>\n\t\t<div class=\"elementor-element elementor-element-d36e91b e-con-full e-flex wpr-particle-no wpr-jarallax-no wpr-parallax-no wpr-sticky-section-no wpr-equal-height-no e-con e-child\" data-id=\"d36e91b\" data-element_type=\"container\" data-e-type=\"container\">\n\t\t\t\t<div class=\"elementor-element elementor-element-fe51aa4 elementor-widget elementor-widget-heading\" data-id=\"fe51aa4\" data-element_type=\"widget\" data-e-type=\"widget\" data-widget_type=\"heading.default\">\n\t\t\t\t<div class=\"elementor-widget-container\">\n\t\t\t\t\t<h2 class=\"elementor-heading-title elementor-size-default\">Miel de Ca\u00f1a HEBRA DORADA<\/h2>\t\t\t\t<\/div>\n\t\t\t\t<\/div>\n\t\t\t\t<div class=\"elementor-element elementor-element-dae8b94 elementor-widget elementor-widget-text-editor\" data-id=\"dae8b94\" data-element_type=\"widget\" data-e-type=\"widget\" data-widget_type=\"text-editor.default\">\n\t\t\t\t<div class=\"elementor-widget-container\">\n\t\t\t\t\t\t\t\t\t<p>La miel de ca\u00f1a o melaza es un producto l\u00edquido y espeso derivado de la ca\u00f1a de az\u00facar, obtenido del residuo restante en las cubas de extracci\u00f3n de los az\u00facares. Su aspecto es muy similar al de la miel aunque de color parduzco muy oscuro, pr\u00e1cticamente negro. El sabor es dulce, ligeramente similar al del regaliz, con un peque\u00f1o regusto amargo.<\/p><p>Nutricionalmente presenta un alt\u00edsimo contenido en hidratos de carbono adem\u00e1s de vitaminas del grupo B y abundantes minerales, entre los que destacan el hierro, cobre y magnesio. Su contenido de agua es bajo.<\/p><p>Se elabora mediante la cocci\u00f3n del jugo de la ca\u00f1a de az\u00facar hasta la evaporaci\u00f3n parcial del agua que \u00e9ste contiene, form\u00e1ndose un producto meloso semicristalizado.<\/p><p>La miel de ca\u00f1a que comercializa SABORES DE LA ARGENTINA es elaborada por \u201cHebra Dorada\u201d de la Pcia. de Salta.<\/p><p>\u00a0<\/p><p>\u00a0<\/p><p>Presentaci\u00f3n: bid\u00f3n de 5 Ltr.<\/p>\t\t\t\t\t\t\t\t<\/div>\n\t\t\t\t<\/div>\n\t\t\t\t<div class=\"elementor-element elementor-element-21d7e1e elementor-laptop-align-center elementor-align-left elementor-mobile-align-justify elementor-widget elementor-widget-button\" data-id=\"21d7e1e\" data-element_type=\"widget\" data-e-type=\"widget\" data-widget_type=\"button.default\">\n\t\t\t\t<div class=\"elementor-widget-container\">\n\t\t\t\t\t\t\t\t\t<div class=\"elementor-button-wrapper\">\n\t\t\t\t\t<a class=\"elementor-button elementor-button-link elementor-size-sm\" href=\"https:\/\/www.saboresdelaargentina.com\/index.php\/contacto\/\">\n\t\t\t\t\t\t<span class=\"elementor-button-content-wrapper\">\n\t\t\t\t\t\t\t\t\t<span class=\"elementor-button-text\">Contacto<\/span>\n\t\t\t\t\t<\/span>\n\t\t\t\t\t<\/a>\n\t\t\t\t<\/div>\n\t\t\t\t\t\t\t\t<\/div>\n\t\t\t\t<\/div>\n\t\t\t\t<\/div>\n\t\t\t\t<\/div>\n\t\t\t\t<\/div>\n\t\t","protected":false},"excerpt":{"rendered":"<p>Miel de Ca\u00f1a HEBRA DORADA La miel de ca\u00f1a o melaza es un producto l\u00edquido y espeso derivado de la ca\u00f1a de az\u00facar, obtenido del residuo restante en las cubas de extracci\u00f3n de los az\u00facares. Su aspecto es muy similar al de la miel aunque de color parduzco muy oscuro, pr\u00e1cticamente negro. El sabor es dulce, ligeramente similar al del regaliz, con un peque\u00f1o regusto amargo. Nutricionalmente presenta un alt\u00edsimo contenido en hidratos de carbono adem\u00e1s de vitaminas del grupo B y abundantes minerales, entre los que destacan el hierro, cobre y magnesio. Su contenido de agua es bajo. Se elabora mediante la cocci\u00f3n del jugo de la ca\u00f1a de az\u00facar hasta la evaporaci\u00f3n parcial del agua que \u00e9ste contiene, form\u00e1ndose un producto meloso semicristalizado. La miel de ca\u00f1a que comercializa SABORES DE LA ARGENTINA es elaborada por \u201cHebra Dorada\u201d de la Pcia. de Salta. \u00a0 \u00a0 Presentaci\u00f3n: bid\u00f3n de 5 Ltr. Contacto<\/p>\n","protected":false},"author":1,"featured_media":0,"parent":0,"menu_order":0,"comment_status":"closed","ping_status":"closed","template":"elementor_canvas","meta":{"footnotes":""},"class_list":["post-1807","page","type-page","status-publish","hentry"],"yoast_head":"<!-- This site is optimized with the Yoast SEO plugin v27.4 - https:\/\/yoast.com\/product\/yoast-seo-wordpress\/ -->\n<title>Miel de Ca\u00f1a HEBRA DORADA - Sabores de la Argentina<\/title>\n<meta name=\"robots\" content=\"index, follow, max-snippet:-1, max-image-preview:large, max-video-preview:-1\" \/>\n<link rel=\"canonical\" href=\"https:\/\/www.saboresdelaargentina.com\/index.php\/miel-de-cania-hebra-dorada\/\" \/>\n<meta property=\"og:locale\" content=\"es_ES\" \/>\n<meta property=\"og:type\" content=\"article\" \/>\n<meta property=\"og:title\" content=\"Miel de Ca\u00f1a HEBRA DORADA - Sabores de la Argentina\" \/>\n<meta property=\"og:description\" content=\"Miel de Ca\u00f1a HEBRA DORADA La miel de ca\u00f1a o melaza es un producto l\u00edquido y espeso derivado de la ca\u00f1a de az\u00facar, obtenido del residuo restante en las cubas de extracci\u00f3n de los az\u00facares. Su aspecto es muy similar al de la miel aunque de color parduzco muy oscuro, pr\u00e1cticamente negro. El sabor es dulce, ligeramente similar al del regaliz, con un peque\u00f1o regusto amargo. Nutricionalmente presenta un alt\u00edsimo contenido en hidratos de carbono adem\u00e1s de vitaminas del grupo B y abundantes minerales, entre los que destacan el hierro, cobre y magnesio. Su contenido de agua es bajo. Se elabora mediante la cocci\u00f3n del jugo de la ca\u00f1a de az\u00facar hasta la evaporaci\u00f3n parcial del agua que \u00e9ste contiene, form\u00e1ndose un producto meloso semicristalizado. La miel de ca\u00f1a que comercializa SABORES DE LA ARGENTINA es elaborada por \u201cHebra Dorada\u201d de la Pcia. de Salta. \u00a0 \u00a0 Presentaci\u00f3n: bid\u00f3n de 5 Ltr. Contacto\" \/>\n<meta property=\"og:url\" content=\"https:\/\/www.saboresdelaargentina.com\/index.php\/miel-de-cania-hebra-dorada\/\" \/>\n<meta property=\"og:site_name\" content=\"Sabores de la Argentina\" \/>\n<meta property=\"article:publisher\" content=\"https:\/\/www.facebook.com\/saboresdelaarg\" \/>\n<meta property=\"article:modified_time\" content=\"2025-01-23T18:11:28+00:00\" \/>\n<meta property=\"og:image\" content=\"https:\/\/www.saboresdelaargentina.com\/wp-content\/uploads\/2025\/01\/miel-de-cania.png\" \/>\n\t<meta property=\"og:image:width\" content=\"600\" \/>\n\t<meta property=\"og:image:height\" content=\"600\" \/>\n\t<meta property=\"og:image:type\" content=\"image\/png\" \/>\n<meta name=\"twitter:card\" content=\"summary_large_image\" \/>\n<meta name=\"twitter:label1\" content=\"Tiempo de lectura\" \/>\n\t<meta name=\"twitter:data1\" content=\"1 minuto\" \/>\n<script type=\"application\/ld+json\" class=\"yoast-schema-graph\">{\"@context\":\"https:\\\/\\\/schema.org\",\"@graph\":[{\"@type\":\"WebPage\",\"@id\":\"https:\\\/\\\/www.saboresdelaargentina.com\\\/index.php\\\/miel-de-cania-hebra-dorada\\\/\",\"url\":\"https:\\\/\\\/www.saboresdelaargentina.com\\\/index.php\\\/miel-de-cania-hebra-dorada\\\/\",\"name\":\"Miel de Ca\u00f1a HEBRA DORADA - Sabores de la Argentina\",\"isPartOf\":{\"@id\":\"https:\\\/\\\/www.saboresdelaargentina.com\\\/#website\"},\"primaryImageOfPage\":{\"@id\":\"https:\\\/\\\/www.saboresdelaargentina.com\\\/index.php\\\/miel-de-cania-hebra-dorada\\\/#primaryimage\"},\"image\":{\"@id\":\"https:\\\/\\\/www.saboresdelaargentina.com\\\/index.php\\\/miel-de-cania-hebra-dorada\\\/#primaryimage\"},\"thumbnailUrl\":\"https:\\\/\\\/www.saboresdelaargentina.com\\\/wp-content\\\/uploads\\\/2025\\\/01\\\/miel-de-cania.png\",\"datePublished\":\"2025-01-02T20:16:16+00:00\",\"dateModified\":\"2025-01-23T18:11:28+00:00\",\"breadcrumb\":{\"@id\":\"https:\\\/\\\/www.saboresdelaargentina.com\\\/index.php\\\/miel-de-cania-hebra-dorada\\\/#breadcrumb\"},\"inLanguage\":\"es\",\"potentialAction\":[{\"@type\":\"ReadAction\",\"target\":[\"https:\\\/\\\/www.saboresdelaargentina.com\\\/index.php\\\/miel-de-cania-hebra-dorada\\\/\"]}]},{\"@type\":\"ImageObject\",\"inLanguage\":\"es\",\"@id\":\"https:\\\/\\\/www.saboresdelaargentina.com\\\/index.php\\\/miel-de-cania-hebra-dorada\\\/#primaryimage\",\"url\":\"https:\\\/\\\/www.saboresdelaargentina.com\\\/wp-content\\\/uploads\\\/2025\\\/01\\\/miel-de-cania.png\",\"contentUrl\":\"https:\\\/\\\/www.saboresdelaargentina.com\\\/wp-content\\\/uploads\\\/2025\\\/01\\\/miel-de-cania.png\",\"width\":600,\"height\":600},{\"@type\":\"BreadcrumbList\",\"@id\":\"https:\\\/\\\/www.saboresdelaargentina.com\\\/index.php\\\/miel-de-cania-hebra-dorada\\\/#breadcrumb\",\"itemListElement\":[{\"@type\":\"ListItem\",\"position\":1,\"name\":\"Portada\",\"item\":\"https:\\\/\\\/www.saboresdelaargentina.com\\\/\"},{\"@type\":\"ListItem\",\"position\":2,\"name\":\"Miel de Ca\u00f1a HEBRA DORADA\"}]},{\"@type\":\"WebSite\",\"@id\":\"https:\\\/\\\/www.saboresdelaargentina.com\\\/#website\",\"url\":\"https:\\\/\\\/www.saboresdelaargentina.com\\\/\",\"name\":\"Sabores de la Argentina\",\"description\":\"Distribuimos productos premium argentinos para cocteler\u00eda y gastronom\u00eda, con una selecci\u00f3n cuidada que garantiza calidad para bares y restaurantes.\",\"publisher\":{\"@id\":\"https:\\\/\\\/www.saboresdelaargentina.com\\\/#organization\"},\"alternateName\":\"Distribuimos productos premium argentinos para cocteler\u00eda y gastronom\u00eda\",\"potentialAction\":[{\"@type\":\"SearchAction\",\"target\":{\"@type\":\"EntryPoint\",\"urlTemplate\":\"https:\\\/\\\/www.saboresdelaargentina.com\\\/?s={search_term_string}\"},\"query-input\":{\"@type\":\"PropertyValueSpecification\",\"valueRequired\":true,\"valueName\":\"search_term_string\"}}],\"inLanguage\":\"es\"},{\"@type\":\"Organization\",\"@id\":\"https:\\\/\\\/www.saboresdelaargentina.com\\\/#organization\",\"name\":\"Sabores de la Argentina\",\"alternateName\":\"Distribuimos productos premium argentinos para cocteler\u00eda y gastronom\u00eda, con una selecci\u00f3n cuidada que garantiza calidad para bares y restaurantes.\",\"url\":\"https:\\\/\\\/www.saboresdelaargentina.com\\\/\",\"logo\":{\"@type\":\"ImageObject\",\"inLanguage\":\"es\",\"@id\":\"https:\\\/\\\/www.saboresdelaargentina.com\\\/#\\\/schema\\\/logo\\\/image\\\/\",\"url\":\"https:\\\/\\\/www.saboresdelaargentina.com\\\/wp-content\\\/uploads\\\/2024\\\/12\\\/sabores-de-la-argentina-gastronomia-cocteleria-premium-distribuidora-productos-web-04.png\",\"contentUrl\":\"https:\\\/\\\/www.saboresdelaargentina.com\\\/wp-content\\\/uploads\\\/2024\\\/12\\\/sabores-de-la-argentina-gastronomia-cocteleria-premium-distribuidora-productos-web-04.png\",\"width\":347,\"height\":348,\"caption\":\"Sabores de la Argentina\"},\"image\":{\"@id\":\"https:\\\/\\\/www.saboresdelaargentina.com\\\/#\\\/schema\\\/logo\\\/image\\\/\"},\"sameAs\":[\"https:\\\/\\\/www.facebook.com\\\/saboresdelaarg\",\"https:\\\/\\\/www.instagram.com\\\/saboresdelaarg\\\/\"]}]}<\/script>\n<!-- \/ Yoast SEO plugin. -->","yoast_head_json":{"title":"Miel de Ca\u00f1a HEBRA DORADA - Sabores de la Argentina","robots":{"index":"index","follow":"follow","max-snippet":"max-snippet:-1","max-image-preview":"max-image-preview:large","max-video-preview":"max-video-preview:-1"},"canonical":"https:\/\/www.saboresdelaargentina.com\/index.php\/miel-de-cania-hebra-dorada\/","og_locale":"es_ES","og_type":"article","og_title":"Miel de Ca\u00f1a HEBRA DORADA - Sabores de la Argentina","og_description":"Miel de Ca\u00f1a HEBRA DORADA La miel de ca\u00f1a o melaza es un producto l\u00edquido y espeso derivado de la ca\u00f1a de az\u00facar, obtenido del residuo restante en las cubas de extracci\u00f3n de los az\u00facares. Su aspecto es muy similar al de la miel aunque de color parduzco muy oscuro, pr\u00e1cticamente negro. El sabor es dulce, ligeramente similar al del regaliz, con un peque\u00f1o regusto amargo. Nutricionalmente presenta un alt\u00edsimo contenido en hidratos de carbono adem\u00e1s de vitaminas del grupo B y abundantes minerales, entre los que destacan el hierro, cobre y magnesio. Su contenido de agua es bajo. Se elabora mediante la cocci\u00f3n del jugo de la ca\u00f1a de az\u00facar hasta la evaporaci\u00f3n parcial del agua que \u00e9ste contiene, form\u00e1ndose un producto meloso semicristalizado. La miel de ca\u00f1a que comercializa SABORES DE LA ARGENTINA es elaborada por \u201cHebra Dorada\u201d de la Pcia. de Salta. \u00a0 \u00a0 Presentaci\u00f3n: bid\u00f3n de 5 Ltr. Contacto","og_url":"https:\/\/www.saboresdelaargentina.com\/index.php\/miel-de-cania-hebra-dorada\/","og_site_name":"Sabores de la Argentina","article_publisher":"https:\/\/www.facebook.com\/saboresdelaarg","article_modified_time":"2025-01-23T18:11:28+00:00","og_image":[{"width":600,"height":600,"url":"https:\/\/www.saboresdelaargentina.com\/wp-content\/uploads\/2025\/01\/miel-de-cania.png","type":"image\/png"}],"twitter_card":"summary_large_image","twitter_misc":{"Tiempo de lectura":"1 minuto"},"schema":{"@context":"https:\/\/schema.org","@graph":[{"@type":"WebPage","@id":"https:\/\/www.saboresdelaargentina.com\/index.php\/miel-de-cania-hebra-dorada\/","url":"https:\/\/www.saboresdelaargentina.com\/index.php\/miel-de-cania-hebra-dorada\/","name":"Miel de Ca\u00f1a HEBRA DORADA - Sabores de la Argentina","isPartOf":{"@id":"https:\/\/www.saboresdelaargentina.com\/#website"},"primaryImageOfPage":{"@id":"https:\/\/www.saboresdelaargentina.com\/index.php\/miel-de-cania-hebra-dorada\/#primaryimage"},"image":{"@id":"https:\/\/www.saboresdelaargentina.com\/index.php\/miel-de-cania-hebra-dorada\/#primaryimage"},"thumbnailUrl":"https:\/\/www.saboresdelaargentina.com\/wp-content\/uploads\/2025\/01\/miel-de-cania.png","datePublished":"2025-01-02T20:16:16+00:00","dateModified":"2025-01-23T18:11:28+00:00","breadcrumb":{"@id":"https:\/\/www.saboresdelaargentina.com\/index.php\/miel-de-cania-hebra-dorada\/#breadcrumb"},"inLanguage":"es","potentialAction":[{"@type":"ReadAction","target":["https:\/\/www.saboresdelaargentina.com\/index.php\/miel-de-cania-hebra-dorada\/"]}]},{"@type":"ImageObject","inLanguage":"es","@id":"https:\/\/www.saboresdelaargentina.com\/index.php\/miel-de-cania-hebra-dorada\/#primaryimage","url":"https:\/\/www.saboresdelaargentina.com\/wp-content\/uploads\/2025\/01\/miel-de-cania.png","contentUrl":"https:\/\/www.saboresdelaargentina.com\/wp-content\/uploads\/2025\/01\/miel-de-cania.png","width":600,"height":600},{"@type":"BreadcrumbList","@id":"https:\/\/www.saboresdelaargentina.com\/index.php\/miel-de-cania-hebra-dorada\/#breadcrumb","itemListElement":[{"@type":"ListItem","position":1,"name":"Portada","item":"https:\/\/www.saboresdelaargentina.com\/"},{"@type":"ListItem","position":2,"name":"Miel de Ca\u00f1a HEBRA DORADA"}]},{"@type":"WebSite","@id":"https:\/\/www.saboresdelaargentina.com\/#website","url":"https:\/\/www.saboresdelaargentina.com\/","name":"Sabores de la Argentina","description":"Distribuimos productos premium argentinos para cocteler\u00eda y gastronom\u00eda, con una selecci\u00f3n cuidada que garantiza calidad para bares y restaurantes.","publisher":{"@id":"https:\/\/www.saboresdelaargentina.com\/#organization"},"alternateName":"Distribuimos productos premium argentinos para cocteler\u00eda y gastronom\u00eda","potentialAction":[{"@type":"SearchAction","target":{"@type":"EntryPoint","urlTemplate":"https:\/\/www.saboresdelaargentina.com\/?s={search_term_string}"},"query-input":{"@type":"PropertyValueSpecification","valueRequired":true,"valueName":"search_term_string"}}],"inLanguage":"es"},{"@type":"Organization","@id":"https:\/\/www.saboresdelaargentina.com\/#organization","name":"Sabores de la Argentina","alternateName":"Distribuimos productos premium argentinos para cocteler\u00eda y gastronom\u00eda, con una selecci\u00f3n cuidada que garantiza calidad para bares y restaurantes.","url":"https:\/\/www.saboresdelaargentina.com\/","logo":{"@type":"ImageObject","inLanguage":"es","@id":"https:\/\/www.saboresdelaargentina.com\/#\/schema\/logo\/image\/","url":"https:\/\/www.saboresdelaargentina.com\/wp-content\/uploads\/2024\/12\/sabores-de-la-argentina-gastronomia-cocteleria-premium-distribuidora-productos-web-04.png","contentUrl":"https:\/\/www.saboresdelaargentina.com\/wp-content\/uploads\/2024\/12\/sabores-de-la-argentina-gastronomia-cocteleria-premium-distribuidora-productos-web-04.png","width":347,"height":348,"caption":"Sabores de la Argentina"},"image":{"@id":"https:\/\/www.saboresdelaargentina.com\/#\/schema\/logo\/image\/"},"sameAs":["https:\/\/www.facebook.com\/saboresdelaarg","https:\/\/www.instagram.com\/saboresdelaarg\/"]}]}},"_links":{"self":[{"href":"https:\/\/www.saboresdelaargentina.com\/index.php\/wp-json\/wp\/v2\/pages\/1807","targetHints":{"allow":["GET"]}}],"collection":[{"href":"https:\/\/www.saboresdelaargentina.com\/index.php\/wp-json\/wp\/v2\/pages"}],"about":[{"href":"https:\/\/www.saboresdelaargentina.com\/index.php\/wp-json\/wp\/v2\/types\/page"}],"author":[{"embeddable":true,"href":"https:\/\/www.saboresdelaargentina.com\/index.php\/wp-json\/wp\/v2\/users\/1"}],"replies":[{"embeddable":true,"href":"https:\/\/www.saboresdelaargentina.com\/index.php\/wp-json\/wp\/v2\/comments?post=1807"}],"version-history":[{"count":7,"href":"https:\/\/www.saboresdelaargentina.com\/index.php\/wp-json\/wp\/v2\/pages\/1807\/revisions"}],"predecessor-version":[{"id":2026,"href":"https:\/\/www.saboresdelaargentina.com\/index.php\/wp-json\/wp\/v2\/pages\/1807\/revisions\/2026"}],"wp:attachment":[{"href":"https:\/\/www.saboresdelaargentina.com\/index.php\/wp-json\/wp\/v2\/media?parent=1807"}],"curies":[{"name":"wp","href":"https:\/\/api.w.org\/{rel}","templated":true}]}}