{"id":1949,"date":"2025-01-23T15:09:31","date_gmt":"2025-01-23T15:09:31","guid":{"rendered":"https:\/\/www.saboresdelaargentina.com\/?page_id=1949"},"modified":"2026-03-12T18:08:06","modified_gmt":"2026-03-12T18:08:06","slug":"cordial-de-sauco","status":"publish","type":"page","link":"https:\/\/www.saboresdelaargentina.com\/index.php\/cordial-de-sauco\/","title":{"rendered":"Cordial de Sauco"},"content":{"rendered":"\t\t<div data-elementor-type=\"wp-page\" data-elementor-id=\"1949\" class=\"elementor elementor-1949\">\n\t\t\t\t<div class=\"elementor-element elementor-element-f3c6f09 e-con-full e-flex wpr-particle-no wpr-jarallax-no wpr-parallax-no wpr-sticky-section-no wpr-equal-height-no e-con e-parent\" data-id=\"f3c6f09\" data-element_type=\"container\" data-e-type=\"container\" data-settings=\"{&quot;background_background&quot;:&quot;classic&quot;}\">\n\t\t<div class=\"elementor-element elementor-element-e1a701e e-con-full e-flex wpr-particle-no wpr-jarallax-no wpr-parallax-no wpr-sticky-section-no wpr-equal-height-no e-con e-child\" data-id=\"e1a701e\" data-element_type=\"container\" data-e-type=\"container\">\n\t\t\t\t<div class=\"elementor-element elementor-element-73978a7 elementor-widget elementor-widget-image\" data-id=\"73978a7\" data-element_type=\"widget\" data-e-type=\"widget\" data-widget_type=\"image.default\">\n\t\t\t\t<div class=\"elementor-widget-container\">\n\t\t\t\t\t\t\t\t\t\t\t\t\t\t\t<img fetchpriority=\"high\" decoding=\"async\" width=\"400\" height=\"600\" src=\"https:\/\/www.saboresdelaargentina.com\/wp-content\/uploads\/2026\/03\/CORDIAL-DE-SAUCO.jpeg\" class=\"attachment-full size-full wp-image-2087\" alt=\"\" srcset=\"https:\/\/www.saboresdelaargentina.com\/wp-content\/uploads\/2026\/03\/CORDIAL-DE-SAUCO.jpeg 400w, https:\/\/www.saboresdelaargentina.com\/wp-content\/uploads\/2026\/03\/CORDIAL-DE-SAUCO-200x300.jpeg 200w\" sizes=\"(max-width: 400px) 100vw, 400px\" \/>\t\t\t\t\t\t\t\t\t\t\t\t\t\t\t<\/div>\n\t\t\t\t<\/div>\n\t\t\t\t<\/div>\n\t\t<div class=\"elementor-element elementor-element-d36e91b e-con-full e-flex wpr-particle-no wpr-jarallax-no wpr-parallax-no wpr-sticky-section-no wpr-equal-height-no e-con e-child\" data-id=\"d36e91b\" data-element_type=\"container\" data-e-type=\"container\">\n\t\t\t\t<div class=\"elementor-element elementor-element-fe51aa4 elementor-widget elementor-widget-heading\" data-id=\"fe51aa4\" data-element_type=\"widget\" data-e-type=\"widget\" data-widget_type=\"heading.default\">\n\t\t\t\t<div class=\"elementor-widget-container\">\n\t\t\t\t\t<h2 class=\"elementor-heading-title elementor-size-default\">Concentrado de Flores de Sauco<\/h2>\t\t\t\t<\/div>\n\t\t\t\t<\/div>\n\t\t\t\t<div class=\"elementor-element elementor-element-dae8b94 elementor-widget elementor-widget-text-editor\" data-id=\"dae8b94\" data-element_type=\"widget\" data-e-type=\"widget\" data-widget_type=\"text-editor.default\">\n\t\t\t\t<div class=\"elementor-widget-container\">\n\t\t\t\t\t\t\t\t\t<p data-start=\"22\" data-end=\"191\"><strong data-start=\"22\" data-end=\"43\">Cordial artesanal<\/strong> elaborada a base de sa\u00faco, agua, az\u00facar y \u00e1cido c\u00edtrico. Producto concentrado, ideal para diluir en agua fr\u00eda o caliente y para usos gastron\u00f3micos.<\/p><p data-start=\"193\" data-end=\"240\"><strong data-start=\"193\" data-end=\"212\">Presentaciones:<\/strong><br data-start=\"212\" data-end=\"215\" \/>250 cc \u00b7 500 cc \u00b7 1000 cc<\/p><p data-start=\"242\" data-end=\"352\"><strong data-start=\"242\" data-end=\"256\">Vida \u00fatil:<\/strong><br data-start=\"256\" data-end=\"259\" \/>Producto cerrado: <strong data-start=\"277\" data-end=\"293\">hasta 2 a\u00f1os<\/strong><br data-start=\"293\" data-end=\"296\" \/>Una vez abierto: conservar refrigerado hasta <strong data-start=\"341\" data-end=\"352\">90 d\u00edas<\/strong><\/p><p data-start=\"354\" data-end=\"552\"><strong data-start=\"354\" data-end=\"396\">Informaci\u00f3n nutricional (por porci\u00f3n):<\/strong><br data-start=\"396\" data-end=\"399\" \/>\u2022 Valor energ\u00e9tico: 50 kcal \/ 211 kJ<br data-start=\"435\" data-end=\"438\" \/>\u2022 Grasas totales: 0 g<br data-start=\"459\" data-end=\"462\" \/>\u2022 Fibra alimentaria: 0,6 g<br data-start=\"488\" data-end=\"491\" data-is-only-node=\"\" \/>\u2022 Az\u00facares totales: 13 g<br data-start=\"515\" data-end=\"518\" \/>\u2022 Prote\u00ednas: 0 g<br data-start=\"534\" data-end=\"537\" \/>\u2022 Sodio: 0,7 mg<\/p><p data-start=\"554\" data-end=\"694\" data-is-last-node=\"\" data-is-only-node=\"\"><strong data-start=\"554\" data-end=\"572\">Elaborado por:<\/strong> Ingrediente Sur<br data-start=\"588\" data-end=\"591\" \/><strong data-start=\"591\" data-end=\"599\">RNE:<\/strong> 16001068<br data-start=\"608\" data-end=\"611\" \/><strong data-start=\"611\" data-end=\"622\">Origen:<\/strong> Dina Huapi, R\u00edo Negro \u2013 Industria Argentina<\/p>\t\t\t\t\t\t\t\t<\/div>\n\t\t\t\t<\/div>\n\t\t\t\t<div class=\"elementor-element elementor-element-21d7e1e elementor-laptop-align-center elementor-align-left elementor-mobile-align-justify elementor-widget elementor-widget-button\" data-id=\"21d7e1e\" data-element_type=\"widget\" data-e-type=\"widget\" data-widget_type=\"button.default\">\n\t\t\t\t<div class=\"elementor-widget-container\">\n\t\t\t\t\t\t\t\t\t<div class=\"elementor-button-wrapper\">\n\t\t\t\t\t<a class=\"elementor-button elementor-button-link elementor-size-sm\" href=\"https:\/\/www.saboresdelaargentina.com\/index.php\/contacto\/\">\n\t\t\t\t\t\t<span class=\"elementor-button-content-wrapper\">\n\t\t\t\t\t\t\t\t\t<span class=\"elementor-button-text\">Contacto<\/span>\n\t\t\t\t\t<\/span>\n\t\t\t\t\t<\/a>\n\t\t\t\t<\/div>\n\t\t\t\t\t\t\t\t<\/div>\n\t\t\t\t<\/div>\n\t\t\t\t<\/div>\n\t\t\t\t<\/div>\n\t\t\t\t<\/div>\n\t\t","protected":false},"excerpt":{"rendered":"<p>Concentrado de Flores de Sauco Cordial artesanal elaborada a base de sa\u00faco, agua, az\u00facar y \u00e1cido c\u00edtrico. Producto concentrado, ideal para diluir en agua fr\u00eda o caliente y para usos gastron\u00f3micos. Presentaciones:250 cc \u00b7 500 cc \u00b7 1000 cc Vida \u00fatil:Producto cerrado: hasta 2 a\u00f1osUna vez abierto: conservar refrigerado hasta 90 d\u00edas Informaci\u00f3n nutricional (por porci\u00f3n):\u2022 Valor energ\u00e9tico: 50 kcal \/ 211 kJ\u2022 Grasas totales: 0 g\u2022 Fibra alimentaria: 0,6 g\u2022 Az\u00facares totales: 13 g\u2022 Prote\u00ednas: 0 g\u2022 Sodio: 0,7 mg Elaborado por: Ingrediente SurRNE: 16001068Origen: Dina Huapi, R\u00edo Negro \u2013 Industria Argentina Contacto<\/p>\n","protected":false},"author":1,"featured_media":0,"parent":0,"menu_order":0,"comment_status":"closed","ping_status":"closed","template":"elementor_canvas","meta":{"footnotes":""},"class_list":["post-1949","page","type-page","status-publish","hentry"],"yoast_head":"<!-- This site is optimized with the Yoast SEO plugin v27.5 - https:\/\/yoast.com\/product\/yoast-seo-wordpress\/ -->\n<title>Cordial de Sauco - Sabores de la Argentina<\/title>\n<meta name=\"robots\" content=\"index, follow, max-snippet:-1, max-image-preview:large, max-video-preview:-1\" \/>\n<link rel=\"canonical\" href=\"https:\/\/www.saboresdelaargentina.com\/index.php\/cordial-de-sauco\/\" \/>\n<meta property=\"og:locale\" content=\"es_ES\" \/>\n<meta property=\"og:type\" content=\"article\" \/>\n<meta property=\"og:title\" content=\"Cordial de Sauco - Sabores de la Argentina\" \/>\n<meta property=\"og:description\" content=\"Concentrado de Flores de Sauco Cordial artesanal elaborada a base de sa\u00faco, agua, az\u00facar y \u00e1cido c\u00edtrico. Producto concentrado, ideal para diluir en agua fr\u00eda o caliente y para usos gastron\u00f3micos. Presentaciones:250 cc \u00b7 500 cc \u00b7 1000 cc Vida \u00fatil:Producto cerrado: hasta 2 a\u00f1osUna vez abierto: conservar refrigerado hasta 90 d\u00edas Informaci\u00f3n nutricional (por porci\u00f3n):\u2022 Valor energ\u00e9tico: 50 kcal \/ 211 kJ\u2022 Grasas totales: 0 g\u2022 Fibra alimentaria: 0,6 g\u2022 Az\u00facares totales: 13 g\u2022 Prote\u00ednas: 0 g\u2022 Sodio: 0,7 mg Elaborado por: Ingrediente SurRNE: 16001068Origen: Dina Huapi, R\u00edo Negro \u2013 Industria Argentina Contacto\" \/>\n<meta property=\"og:url\" content=\"https:\/\/www.saboresdelaargentina.com\/index.php\/cordial-de-sauco\/\" \/>\n<meta property=\"og:site_name\" content=\"Sabores de la Argentina\" \/>\n<meta property=\"article:publisher\" content=\"https:\/\/www.facebook.com\/saboresdelaarg\" \/>\n<meta property=\"article:modified_time\" content=\"2026-03-12T18:08:06+00:00\" \/>\n<meta property=\"og:image\" content=\"https:\/\/www.saboresdelaargentina.com\/wp-content\/uploads\/2026\/03\/CORDIAL-DE-SAUCO.jpeg\" \/>\n\t<meta property=\"og:image:width\" content=\"400\" \/>\n\t<meta property=\"og:image:height\" content=\"600\" \/>\n\t<meta property=\"og:image:type\" content=\"image\/jpeg\" \/>\n<meta name=\"twitter:card\" content=\"summary_large_image\" \/>\n<meta name=\"twitter:label1\" content=\"Tiempo de lectura\" \/>\n\t<meta name=\"twitter:data1\" content=\"1 minuto\" \/>\n<script type=\"application\/ld+json\" class=\"yoast-schema-graph\">{\"@context\":\"https:\\\/\\\/schema.org\",\"@graph\":[{\"@type\":\"WebPage\",\"@id\":\"https:\\\/\\\/www.saboresdelaargentina.com\\\/index.php\\\/cordial-de-sauco\\\/\",\"url\":\"https:\\\/\\\/www.saboresdelaargentina.com\\\/index.php\\\/cordial-de-sauco\\\/\",\"name\":\"Cordial de Sauco - Sabores de la Argentina\",\"isPartOf\":{\"@id\":\"https:\\\/\\\/www.saboresdelaargentina.com\\\/#website\"},\"primaryImageOfPage\":{\"@id\":\"https:\\\/\\\/www.saboresdelaargentina.com\\\/index.php\\\/cordial-de-sauco\\\/#primaryimage\"},\"image\":{\"@id\":\"https:\\\/\\\/www.saboresdelaargentina.com\\\/index.php\\\/cordial-de-sauco\\\/#primaryimage\"},\"thumbnailUrl\":\"https:\\\/\\\/www.saboresdelaargentina.com\\\/wp-content\\\/uploads\\\/2026\\\/03\\\/CORDIAL-DE-SAUCO.jpeg\",\"datePublished\":\"2025-01-23T15:09:31+00:00\",\"dateModified\":\"2026-03-12T18:08:06+00:00\",\"breadcrumb\":{\"@id\":\"https:\\\/\\\/www.saboresdelaargentina.com\\\/index.php\\\/cordial-de-sauco\\\/#breadcrumb\"},\"inLanguage\":\"es\",\"potentialAction\":[{\"@type\":\"ReadAction\",\"target\":[\"https:\\\/\\\/www.saboresdelaargentina.com\\\/index.php\\\/cordial-de-sauco\\\/\"]}]},{\"@type\":\"ImageObject\",\"inLanguage\":\"es\",\"@id\":\"https:\\\/\\\/www.saboresdelaargentina.com\\\/index.php\\\/cordial-de-sauco\\\/#primaryimage\",\"url\":\"https:\\\/\\\/www.saboresdelaargentina.com\\\/wp-content\\\/uploads\\\/2026\\\/03\\\/CORDIAL-DE-SAUCO.jpeg\",\"contentUrl\":\"https:\\\/\\\/www.saboresdelaargentina.com\\\/wp-content\\\/uploads\\\/2026\\\/03\\\/CORDIAL-DE-SAUCO.jpeg\",\"width\":400,\"height\":600},{\"@type\":\"BreadcrumbList\",\"@id\":\"https:\\\/\\\/www.saboresdelaargentina.com\\\/index.php\\\/cordial-de-sauco\\\/#breadcrumb\",\"itemListElement\":[{\"@type\":\"ListItem\",\"position\":1,\"name\":\"Portada\",\"item\":\"https:\\\/\\\/www.saboresdelaargentina.com\\\/\"},{\"@type\":\"ListItem\",\"position\":2,\"name\":\"Cordial de Sauco\"}]},{\"@type\":\"WebSite\",\"@id\":\"https:\\\/\\\/www.saboresdelaargentina.com\\\/#website\",\"url\":\"https:\\\/\\\/www.saboresdelaargentina.com\\\/\",\"name\":\"Sabores de la Argentina\",\"description\":\"Distribuimos productos premium argentinos para cocteler\u00eda y gastronom\u00eda, con una selecci\u00f3n cuidada que garantiza calidad para bares y restaurantes.\",\"publisher\":{\"@id\":\"https:\\\/\\\/www.saboresdelaargentina.com\\\/#organization\"},\"alternateName\":\"Distribuimos productos premium argentinos para cocteler\u00eda y gastronom\u00eda\",\"potentialAction\":[{\"@type\":\"SearchAction\",\"target\":{\"@type\":\"EntryPoint\",\"urlTemplate\":\"https:\\\/\\\/www.saboresdelaargentina.com\\\/?s={search_term_string}\"},\"query-input\":{\"@type\":\"PropertyValueSpecification\",\"valueRequired\":true,\"valueName\":\"search_term_string\"}}],\"inLanguage\":\"es\"},{\"@type\":\"Organization\",\"@id\":\"https:\\\/\\\/www.saboresdelaargentina.com\\\/#organization\",\"name\":\"Sabores de la Argentina\",\"alternateName\":\"Distribuimos productos premium argentinos para cocteler\u00eda y gastronom\u00eda, con una selecci\u00f3n cuidada que garantiza calidad para bares y restaurantes.\",\"url\":\"https:\\\/\\\/www.saboresdelaargentina.com\\\/\",\"logo\":{\"@type\":\"ImageObject\",\"inLanguage\":\"es\",\"@id\":\"https:\\\/\\\/www.saboresdelaargentina.com\\\/#\\\/schema\\\/logo\\\/image\\\/\",\"url\":\"https:\\\/\\\/www.saboresdelaargentina.com\\\/wp-content\\\/uploads\\\/2024\\\/12\\\/sabores-de-la-argentina-gastronomia-cocteleria-premium-distribuidora-productos-web-04.png\",\"contentUrl\":\"https:\\\/\\\/www.saboresdelaargentina.com\\\/wp-content\\\/uploads\\\/2024\\\/12\\\/sabores-de-la-argentina-gastronomia-cocteleria-premium-distribuidora-productos-web-04.png\",\"width\":347,\"height\":348,\"caption\":\"Sabores de la Argentina\"},\"image\":{\"@id\":\"https:\\\/\\\/www.saboresdelaargentina.com\\\/#\\\/schema\\\/logo\\\/image\\\/\"},\"sameAs\":[\"https:\\\/\\\/www.facebook.com\\\/saboresdelaarg\",\"https:\\\/\\\/www.instagram.com\\\/saboresdelaarg\\\/\"]}]}<\/script>\n<!-- \/ Yoast SEO plugin. -->","yoast_head_json":{"title":"Cordial de Sauco - Sabores de la Argentina","robots":{"index":"index","follow":"follow","max-snippet":"max-snippet:-1","max-image-preview":"max-image-preview:large","max-video-preview":"max-video-preview:-1"},"canonical":"https:\/\/www.saboresdelaargentina.com\/index.php\/cordial-de-sauco\/","og_locale":"es_ES","og_type":"article","og_title":"Cordial de Sauco - Sabores de la Argentina","og_description":"Concentrado de Flores de Sauco Cordial artesanal elaborada a base de sa\u00faco, agua, az\u00facar y \u00e1cido c\u00edtrico. Producto concentrado, ideal para diluir en agua fr\u00eda o caliente y para usos gastron\u00f3micos. Presentaciones:250 cc \u00b7 500 cc \u00b7 1000 cc Vida \u00fatil:Producto cerrado: hasta 2 a\u00f1osUna vez abierto: conservar refrigerado hasta 90 d\u00edas Informaci\u00f3n nutricional (por porci\u00f3n):\u2022 Valor energ\u00e9tico: 50 kcal \/ 211 kJ\u2022 Grasas totales: 0 g\u2022 Fibra alimentaria: 0,6 g\u2022 Az\u00facares totales: 13 g\u2022 Prote\u00ednas: 0 g\u2022 Sodio: 0,7 mg Elaborado por: Ingrediente SurRNE: 16001068Origen: Dina Huapi, R\u00edo Negro \u2013 Industria Argentina Contacto","og_url":"https:\/\/www.saboresdelaargentina.com\/index.php\/cordial-de-sauco\/","og_site_name":"Sabores de la Argentina","article_publisher":"https:\/\/www.facebook.com\/saboresdelaarg","article_modified_time":"2026-03-12T18:08:06+00:00","og_image":[{"width":400,"height":600,"url":"https:\/\/www.saboresdelaargentina.com\/wp-content\/uploads\/2026\/03\/CORDIAL-DE-SAUCO.jpeg","type":"image\/jpeg"}],"twitter_card":"summary_large_image","twitter_misc":{"Tiempo de lectura":"1 minuto"},"schema":{"@context":"https:\/\/schema.org","@graph":[{"@type":"WebPage","@id":"https:\/\/www.saboresdelaargentina.com\/index.php\/cordial-de-sauco\/","url":"https:\/\/www.saboresdelaargentina.com\/index.php\/cordial-de-sauco\/","name":"Cordial de Sauco - Sabores de la Argentina","isPartOf":{"@id":"https:\/\/www.saboresdelaargentina.com\/#website"},"primaryImageOfPage":{"@id":"https:\/\/www.saboresdelaargentina.com\/index.php\/cordial-de-sauco\/#primaryimage"},"image":{"@id":"https:\/\/www.saboresdelaargentina.com\/index.php\/cordial-de-sauco\/#primaryimage"},"thumbnailUrl":"https:\/\/www.saboresdelaargentina.com\/wp-content\/uploads\/2026\/03\/CORDIAL-DE-SAUCO.jpeg","datePublished":"2025-01-23T15:09:31+00:00","dateModified":"2026-03-12T18:08:06+00:00","breadcrumb":{"@id":"https:\/\/www.saboresdelaargentina.com\/index.php\/cordial-de-sauco\/#breadcrumb"},"inLanguage":"es","potentialAction":[{"@type":"ReadAction","target":["https:\/\/www.saboresdelaargentina.com\/index.php\/cordial-de-sauco\/"]}]},{"@type":"ImageObject","inLanguage":"es","@id":"https:\/\/www.saboresdelaargentina.com\/index.php\/cordial-de-sauco\/#primaryimage","url":"https:\/\/www.saboresdelaargentina.com\/wp-content\/uploads\/2026\/03\/CORDIAL-DE-SAUCO.jpeg","contentUrl":"https:\/\/www.saboresdelaargentina.com\/wp-content\/uploads\/2026\/03\/CORDIAL-DE-SAUCO.jpeg","width":400,"height":600},{"@type":"BreadcrumbList","@id":"https:\/\/www.saboresdelaargentina.com\/index.php\/cordial-de-sauco\/#breadcrumb","itemListElement":[{"@type":"ListItem","position":1,"name":"Portada","item":"https:\/\/www.saboresdelaargentina.com\/"},{"@type":"ListItem","position":2,"name":"Cordial de Sauco"}]},{"@type":"WebSite","@id":"https:\/\/www.saboresdelaargentina.com\/#website","url":"https:\/\/www.saboresdelaargentina.com\/","name":"Sabores de la Argentina","description":"Distribuimos productos premium argentinos para cocteler\u00eda y gastronom\u00eda, con una selecci\u00f3n cuidada que garantiza calidad para bares y restaurantes.","publisher":{"@id":"https:\/\/www.saboresdelaargentina.com\/#organization"},"alternateName":"Distribuimos productos premium argentinos para cocteler\u00eda y gastronom\u00eda","potentialAction":[{"@type":"SearchAction","target":{"@type":"EntryPoint","urlTemplate":"https:\/\/www.saboresdelaargentina.com\/?s={search_term_string}"},"query-input":{"@type":"PropertyValueSpecification","valueRequired":true,"valueName":"search_term_string"}}],"inLanguage":"es"},{"@type":"Organization","@id":"https:\/\/www.saboresdelaargentina.com\/#organization","name":"Sabores de la Argentina","alternateName":"Distribuimos productos premium argentinos para cocteler\u00eda y gastronom\u00eda, con una selecci\u00f3n cuidada que garantiza calidad para bares y restaurantes.","url":"https:\/\/www.saboresdelaargentina.com\/","logo":{"@type":"ImageObject","inLanguage":"es","@id":"https:\/\/www.saboresdelaargentina.com\/#\/schema\/logo\/image\/","url":"https:\/\/www.saboresdelaargentina.com\/wp-content\/uploads\/2024\/12\/sabores-de-la-argentina-gastronomia-cocteleria-premium-distribuidora-productos-web-04.png","contentUrl":"https:\/\/www.saboresdelaargentina.com\/wp-content\/uploads\/2024\/12\/sabores-de-la-argentina-gastronomia-cocteleria-premium-distribuidora-productos-web-04.png","width":347,"height":348,"caption":"Sabores de la Argentina"},"image":{"@id":"https:\/\/www.saboresdelaargentina.com\/#\/schema\/logo\/image\/"},"sameAs":["https:\/\/www.facebook.com\/saboresdelaarg","https:\/\/www.instagram.com\/saboresdelaarg\/"]}]}},"_links":{"self":[{"href":"https:\/\/www.saboresdelaargentina.com\/index.php\/wp-json\/wp\/v2\/pages\/1949","targetHints":{"allow":["GET"]}}],"collection":[{"href":"https:\/\/www.saboresdelaargentina.com\/index.php\/wp-json\/wp\/v2\/pages"}],"about":[{"href":"https:\/\/www.saboresdelaargentina.com\/index.php\/wp-json\/wp\/v2\/types\/page"}],"author":[{"embeddable":true,"href":"https:\/\/www.saboresdelaargentina.com\/index.php\/wp-json\/wp\/v2\/users\/1"}],"replies":[{"embeddable":true,"href":"https:\/\/www.saboresdelaargentina.com\/index.php\/wp-json\/wp\/v2\/comments?post=1949"}],"version-history":[{"count":7,"href":"https:\/\/www.saboresdelaargentina.com\/index.php\/wp-json\/wp\/v2\/pages\/1949\/revisions"}],"predecessor-version":[{"id":2091,"href":"https:\/\/www.saboresdelaargentina.com\/index.php\/wp-json\/wp\/v2\/pages\/1949\/revisions\/2091"}],"wp:attachment":[{"href":"https:\/\/www.saboresdelaargentina.com\/index.php\/wp-json\/wp\/v2\/media?parent=1949"}],"curies":[{"name":"wp","href":"https:\/\/api.w.org\/{rel}","templated":true}]}}