{"id":1966,"date":"2025-01-23T16:07:19","date_gmt":"2025-01-23T16:07:19","guid":{"rendered":"https:\/\/www.saboresdelaargentina.com\/?page_id=1966"},"modified":"2025-01-23T16:08:48","modified_gmt":"2025-01-23T16:08:48","slug":"jugos-sol-y-fruta","status":"publish","type":"page","link":"https:\/\/www.saboresdelaargentina.com\/index.php\/jugos-sol-y-fruta\/","title":{"rendered":"Sol y Fruta"},"content":{"rendered":"\t\t<div data-elementor-type=\"wp-page\" data-elementor-id=\"1966\" class=\"elementor elementor-1966\">\n\t\t\t\t<div class=\"elementor-element elementor-element-f3c6f09 e-con-full e-flex wpr-particle-no wpr-jarallax-no wpr-parallax-no wpr-sticky-section-no wpr-equal-height-no e-con e-parent\" data-id=\"f3c6f09\" data-element_type=\"container\" data-e-type=\"container\" data-settings=\"{&quot;background_background&quot;:&quot;classic&quot;}\">\n\t\t<div class=\"elementor-element elementor-element-e1a701e e-con-full e-flex wpr-particle-no wpr-jarallax-no wpr-parallax-no wpr-sticky-section-no wpr-equal-height-no e-con e-child\" data-id=\"e1a701e\" data-element_type=\"container\" data-e-type=\"container\">\n\t\t\t\t<div class=\"elementor-element elementor-element-73978a7 elementor-widget elementor-widget-image\" data-id=\"73978a7\" data-element_type=\"widget\" data-e-type=\"widget\" data-widget_type=\"image.default\">\n\t\t\t\t<div class=\"elementor-widget-container\">\n\t\t\t\t\t\t\t\t\t\t\t\t\t\t\t<img fetchpriority=\"high\" decoding=\"async\" width=\"800\" height=\"800\" src=\"https:\/\/www.saboresdelaargentina.com\/wp-content\/uploads\/2025\/01\/457055400_1838923199936020_8604926753672605730_n.jpg\" class=\"attachment-full size-full wp-image-1968\" alt=\"\" srcset=\"https:\/\/www.saboresdelaargentina.com\/wp-content\/uploads\/2025\/01\/457055400_1838923199936020_8604926753672605730_n.jpg 800w, https:\/\/www.saboresdelaargentina.com\/wp-content\/uploads\/2025\/01\/457055400_1838923199936020_8604926753672605730_n-300x300.jpg 300w, https:\/\/www.saboresdelaargentina.com\/wp-content\/uploads\/2025\/01\/457055400_1838923199936020_8604926753672605730_n-150x150.jpg 150w, https:\/\/www.saboresdelaargentina.com\/wp-content\/uploads\/2025\/01\/457055400_1838923199936020_8604926753672605730_n-768x768.jpg 768w\" sizes=\"(max-width: 800px) 100vw, 800px\" \/>\t\t\t\t\t\t\t\t\t\t\t\t\t\t\t<\/div>\n\t\t\t\t<\/div>\n\t\t\t\t<\/div>\n\t\t<div class=\"elementor-element elementor-element-d36e91b e-con-full e-flex wpr-particle-no wpr-jarallax-no wpr-parallax-no wpr-sticky-section-no wpr-equal-height-no e-con e-child\" data-id=\"d36e91b\" data-element_type=\"container\" data-e-type=\"container\">\n\t\t\t\t<div class=\"elementor-element elementor-element-fe51aa4 elementor-widget elementor-widget-heading\" data-id=\"fe51aa4\" data-element_type=\"widget\" data-e-type=\"widget\" data-widget_type=\"heading.default\">\n\t\t\t\t<div class=\"elementor-widget-container\">\n\t\t\t\t\t<h2 class=\"elementor-heading-title elementor-size-default\">JUGOS SOL &amp; FRUTA<\/h2>\t\t\t\t<\/div>\n\t\t\t\t<\/div>\n\t\t\t\t<div class=\"elementor-element elementor-element-dae8b94 elementor-widget elementor-widget-text-editor\" data-id=\"dae8b94\" data-element_type=\"widget\" data-e-type=\"widget\" data-widget_type=\"text-editor.default\">\n\t\t\t\t<div class=\"elementor-widget-container\">\n\t\t\t\t\t\t\t\t\t<p>JUGOS 100% NATURALES (con sus pulpas)<br \/>De naranja, pomelo, manzana, ar\u00e1ndanos y multifrutas.<br \/><br \/>Disfrut\u00e1 de estos jugos 100% naturales, deliciosos y llenos de sabor. Cada litro contiene la pulpa de m\u00e1s de 3 kilos de fruta, garantizando toda su frescura y calidad.<\/p>\t\t\t\t\t\t\t\t<\/div>\n\t\t\t\t<\/div>\n\t\t\t\t<div class=\"elementor-element elementor-element-21d7e1e elementor-laptop-align-center elementor-align-left elementor-mobile-align-justify elementor-widget elementor-widget-button\" data-id=\"21d7e1e\" data-element_type=\"widget\" data-e-type=\"widget\" data-widget_type=\"button.default\">\n\t\t\t\t<div class=\"elementor-widget-container\">\n\t\t\t\t\t\t\t\t\t<div class=\"elementor-button-wrapper\">\n\t\t\t\t\t<a class=\"elementor-button elementor-button-link elementor-size-sm\" href=\"https:\/\/www.saboresdelaargentina.com\/index.php\/contacto\/\">\n\t\t\t\t\t\t<span class=\"elementor-button-content-wrapper\">\n\t\t\t\t\t\t\t\t\t<span class=\"elementor-button-text\">Contacto<\/span>\n\t\t\t\t\t<\/span>\n\t\t\t\t\t<\/a>\n\t\t\t\t<\/div>\n\t\t\t\t\t\t\t\t<\/div>\n\t\t\t\t<\/div>\n\t\t\t\t<\/div>\n\t\t\t\t<\/div>\n\t\t\t\t<\/div>\n\t\t","protected":false},"excerpt":{"rendered":"<p>JUGOS SOL &amp; FRUTA JUGOS 100% NATURALES (con sus pulpas)De naranja, pomelo, manzana, ar\u00e1ndanos y multifrutas. Disfrut\u00e1 de estos jugos 100% naturales, deliciosos y llenos de sabor. Cada litro contiene la pulpa de m\u00e1s de 3 kilos de fruta, garantizando toda su frescura y calidad. Contacto<\/p>\n","protected":false},"author":1,"featured_media":0,"parent":0,"menu_order":0,"comment_status":"closed","ping_status":"closed","template":"elementor_canvas","meta":{"footnotes":""},"class_list":["post-1966","page","type-page","status-publish","hentry"],"yoast_head":"<!-- This site is optimized with the Yoast SEO plugin v27.5 - https:\/\/yoast.com\/product\/yoast-seo-wordpress\/ -->\n<title>Sol y Fruta - Sabores de la Argentina<\/title>\n<meta name=\"robots\" content=\"index, follow, max-snippet:-1, max-image-preview:large, max-video-preview:-1\" \/>\n<link rel=\"canonical\" href=\"https:\/\/www.saboresdelaargentina.com\/index.php\/jugos-sol-y-fruta\/\" \/>\n<meta property=\"og:locale\" content=\"es_ES\" \/>\n<meta property=\"og:type\" content=\"article\" \/>\n<meta property=\"og:title\" content=\"Sol y Fruta - Sabores de la Argentina\" \/>\n<meta property=\"og:description\" content=\"JUGOS SOL &amp; FRUTA JUGOS 100% NATURALES (con sus pulpas)De naranja, pomelo, manzana, ar\u00e1ndanos y multifrutas. Disfrut\u00e1 de estos jugos 100% naturales, deliciosos y llenos de sabor. Cada litro contiene la pulpa de m\u00e1s de 3 kilos de fruta, garantizando toda su frescura y calidad. Contacto\" \/>\n<meta property=\"og:url\" content=\"https:\/\/www.saboresdelaargentina.com\/index.php\/jugos-sol-y-fruta\/\" \/>\n<meta property=\"og:site_name\" content=\"Sabores de la Argentina\" \/>\n<meta property=\"article:publisher\" content=\"https:\/\/www.facebook.com\/saboresdelaarg\" \/>\n<meta property=\"article:modified_time\" content=\"2025-01-23T16:08:48+00:00\" \/>\n<meta property=\"og:image\" content=\"https:\/\/www.saboresdelaargentina.com\/wp-content\/uploads\/2025\/01\/457055400_1838923199936020_8604926753672605730_n.jpg\" \/>\n\t<meta property=\"og:image:width\" content=\"800\" \/>\n\t<meta property=\"og:image:height\" content=\"800\" \/>\n\t<meta property=\"og:image:type\" content=\"image\/jpeg\" \/>\n<meta name=\"twitter:card\" content=\"summary_large_image\" \/>\n<meta name=\"twitter:label1\" content=\"Tiempo de lectura\" \/>\n\t<meta name=\"twitter:data1\" content=\"1 minuto\" \/>\n<script type=\"application\/ld+json\" class=\"yoast-schema-graph\">{\"@context\":\"https:\\\/\\\/schema.org\",\"@graph\":[{\"@type\":\"WebPage\",\"@id\":\"https:\\\/\\\/www.saboresdelaargentina.com\\\/index.php\\\/jugos-sol-y-fruta\\\/\",\"url\":\"https:\\\/\\\/www.saboresdelaargentina.com\\\/index.php\\\/jugos-sol-y-fruta\\\/\",\"name\":\"Sol y Fruta - Sabores de la Argentina\",\"isPartOf\":{\"@id\":\"https:\\\/\\\/www.saboresdelaargentina.com\\\/#website\"},\"primaryImageOfPage\":{\"@id\":\"https:\\\/\\\/www.saboresdelaargentina.com\\\/index.php\\\/jugos-sol-y-fruta\\\/#primaryimage\"},\"image\":{\"@id\":\"https:\\\/\\\/www.saboresdelaargentina.com\\\/index.php\\\/jugos-sol-y-fruta\\\/#primaryimage\"},\"thumbnailUrl\":\"https:\\\/\\\/www.saboresdelaargentina.com\\\/wp-content\\\/uploads\\\/2025\\\/01\\\/457055400_1838923199936020_8604926753672605730_n.jpg\",\"datePublished\":\"2025-01-23T16:07:19+00:00\",\"dateModified\":\"2025-01-23T16:08:48+00:00\",\"breadcrumb\":{\"@id\":\"https:\\\/\\\/www.saboresdelaargentina.com\\\/index.php\\\/jugos-sol-y-fruta\\\/#breadcrumb\"},\"inLanguage\":\"es\",\"potentialAction\":[{\"@type\":\"ReadAction\",\"target\":[\"https:\\\/\\\/www.saboresdelaargentina.com\\\/index.php\\\/jugos-sol-y-fruta\\\/\"]}]},{\"@type\":\"ImageObject\",\"inLanguage\":\"es\",\"@id\":\"https:\\\/\\\/www.saboresdelaargentina.com\\\/index.php\\\/jugos-sol-y-fruta\\\/#primaryimage\",\"url\":\"https:\\\/\\\/www.saboresdelaargentina.com\\\/wp-content\\\/uploads\\\/2025\\\/01\\\/457055400_1838923199936020_8604926753672605730_n.jpg\",\"contentUrl\":\"https:\\\/\\\/www.saboresdelaargentina.com\\\/wp-content\\\/uploads\\\/2025\\\/01\\\/457055400_1838923199936020_8604926753672605730_n.jpg\",\"width\":800,\"height\":800},{\"@type\":\"BreadcrumbList\",\"@id\":\"https:\\\/\\\/www.saboresdelaargentina.com\\\/index.php\\\/jugos-sol-y-fruta\\\/#breadcrumb\",\"itemListElement\":[{\"@type\":\"ListItem\",\"position\":1,\"name\":\"Portada\",\"item\":\"https:\\\/\\\/www.saboresdelaargentina.com\\\/\"},{\"@type\":\"ListItem\",\"position\":2,\"name\":\"Sol y Fruta\"}]},{\"@type\":\"WebSite\",\"@id\":\"https:\\\/\\\/www.saboresdelaargentina.com\\\/#website\",\"url\":\"https:\\\/\\\/www.saboresdelaargentina.com\\\/\",\"name\":\"Sabores de la Argentina\",\"description\":\"Distribuimos productos premium argentinos para cocteler\u00eda y gastronom\u00eda, con una selecci\u00f3n cuidada que garantiza calidad para bares y restaurantes.\",\"publisher\":{\"@id\":\"https:\\\/\\\/www.saboresdelaargentina.com\\\/#organization\"},\"alternateName\":\"Distribuimos productos premium argentinos para cocteler\u00eda y gastronom\u00eda\",\"potentialAction\":[{\"@type\":\"SearchAction\",\"target\":{\"@type\":\"EntryPoint\",\"urlTemplate\":\"https:\\\/\\\/www.saboresdelaargentina.com\\\/?s={search_term_string}\"},\"query-input\":{\"@type\":\"PropertyValueSpecification\",\"valueRequired\":true,\"valueName\":\"search_term_string\"}}],\"inLanguage\":\"es\"},{\"@type\":\"Organization\",\"@id\":\"https:\\\/\\\/www.saboresdelaargentina.com\\\/#organization\",\"name\":\"Sabores de la Argentina\",\"alternateName\":\"Distribuimos productos premium argentinos para cocteler\u00eda y gastronom\u00eda, con una selecci\u00f3n cuidada que garantiza calidad para bares y restaurantes.\",\"url\":\"https:\\\/\\\/www.saboresdelaargentina.com\\\/\",\"logo\":{\"@type\":\"ImageObject\",\"inLanguage\":\"es\",\"@id\":\"https:\\\/\\\/www.saboresdelaargentina.com\\\/#\\\/schema\\\/logo\\\/image\\\/\",\"url\":\"https:\\\/\\\/www.saboresdelaargentina.com\\\/wp-content\\\/uploads\\\/2024\\\/12\\\/sabores-de-la-argentina-gastronomia-cocteleria-premium-distribuidora-productos-web-04.png\",\"contentUrl\":\"https:\\\/\\\/www.saboresdelaargentina.com\\\/wp-content\\\/uploads\\\/2024\\\/12\\\/sabores-de-la-argentina-gastronomia-cocteleria-premium-distribuidora-productos-web-04.png\",\"width\":347,\"height\":348,\"caption\":\"Sabores de la Argentina\"},\"image\":{\"@id\":\"https:\\\/\\\/www.saboresdelaargentina.com\\\/#\\\/schema\\\/logo\\\/image\\\/\"},\"sameAs\":[\"https:\\\/\\\/www.facebook.com\\\/saboresdelaarg\",\"https:\\\/\\\/www.instagram.com\\\/saboresdelaarg\\\/\"]}]}<\/script>\n<!-- \/ Yoast SEO plugin. -->","yoast_head_json":{"title":"Sol y Fruta - Sabores de la Argentina","robots":{"index":"index","follow":"follow","max-snippet":"max-snippet:-1","max-image-preview":"max-image-preview:large","max-video-preview":"max-video-preview:-1"},"canonical":"https:\/\/www.saboresdelaargentina.com\/index.php\/jugos-sol-y-fruta\/","og_locale":"es_ES","og_type":"article","og_title":"Sol y Fruta - Sabores de la Argentina","og_description":"JUGOS SOL &amp; FRUTA JUGOS 100% NATURALES (con sus pulpas)De naranja, pomelo, manzana, ar\u00e1ndanos y multifrutas. Disfrut\u00e1 de estos jugos 100% naturales, deliciosos y llenos de sabor. Cada litro contiene la pulpa de m\u00e1s de 3 kilos de fruta, garantizando toda su frescura y calidad. Contacto","og_url":"https:\/\/www.saboresdelaargentina.com\/index.php\/jugos-sol-y-fruta\/","og_site_name":"Sabores de la Argentina","article_publisher":"https:\/\/www.facebook.com\/saboresdelaarg","article_modified_time":"2025-01-23T16:08:48+00:00","og_image":[{"width":800,"height":800,"url":"https:\/\/www.saboresdelaargentina.com\/wp-content\/uploads\/2025\/01\/457055400_1838923199936020_8604926753672605730_n.jpg","type":"image\/jpeg"}],"twitter_card":"summary_large_image","twitter_misc":{"Tiempo de lectura":"1 minuto"},"schema":{"@context":"https:\/\/schema.org","@graph":[{"@type":"WebPage","@id":"https:\/\/www.saboresdelaargentina.com\/index.php\/jugos-sol-y-fruta\/","url":"https:\/\/www.saboresdelaargentina.com\/index.php\/jugos-sol-y-fruta\/","name":"Sol y Fruta - Sabores de la Argentina","isPartOf":{"@id":"https:\/\/www.saboresdelaargentina.com\/#website"},"primaryImageOfPage":{"@id":"https:\/\/www.saboresdelaargentina.com\/index.php\/jugos-sol-y-fruta\/#primaryimage"},"image":{"@id":"https:\/\/www.saboresdelaargentina.com\/index.php\/jugos-sol-y-fruta\/#primaryimage"},"thumbnailUrl":"https:\/\/www.saboresdelaargentina.com\/wp-content\/uploads\/2025\/01\/457055400_1838923199936020_8604926753672605730_n.jpg","datePublished":"2025-01-23T16:07:19+00:00","dateModified":"2025-01-23T16:08:48+00:00","breadcrumb":{"@id":"https:\/\/www.saboresdelaargentina.com\/index.php\/jugos-sol-y-fruta\/#breadcrumb"},"inLanguage":"es","potentialAction":[{"@type":"ReadAction","target":["https:\/\/www.saboresdelaargentina.com\/index.php\/jugos-sol-y-fruta\/"]}]},{"@type":"ImageObject","inLanguage":"es","@id":"https:\/\/www.saboresdelaargentina.com\/index.php\/jugos-sol-y-fruta\/#primaryimage","url":"https:\/\/www.saboresdelaargentina.com\/wp-content\/uploads\/2025\/01\/457055400_1838923199936020_8604926753672605730_n.jpg","contentUrl":"https:\/\/www.saboresdelaargentina.com\/wp-content\/uploads\/2025\/01\/457055400_1838923199936020_8604926753672605730_n.jpg","width":800,"height":800},{"@type":"BreadcrumbList","@id":"https:\/\/www.saboresdelaargentina.com\/index.php\/jugos-sol-y-fruta\/#breadcrumb","itemListElement":[{"@type":"ListItem","position":1,"name":"Portada","item":"https:\/\/www.saboresdelaargentina.com\/"},{"@type":"ListItem","position":2,"name":"Sol y Fruta"}]},{"@type":"WebSite","@id":"https:\/\/www.saboresdelaargentina.com\/#website","url":"https:\/\/www.saboresdelaargentina.com\/","name":"Sabores de la Argentina","description":"Distribuimos productos premium argentinos para cocteler\u00eda y gastronom\u00eda, con una selecci\u00f3n cuidada que garantiza calidad para bares y restaurantes.","publisher":{"@id":"https:\/\/www.saboresdelaargentina.com\/#organization"},"alternateName":"Distribuimos productos premium argentinos para cocteler\u00eda y gastronom\u00eda","potentialAction":[{"@type":"SearchAction","target":{"@type":"EntryPoint","urlTemplate":"https:\/\/www.saboresdelaargentina.com\/?s={search_term_string}"},"query-input":{"@type":"PropertyValueSpecification","valueRequired":true,"valueName":"search_term_string"}}],"inLanguage":"es"},{"@type":"Organization","@id":"https:\/\/www.saboresdelaargentina.com\/#organization","name":"Sabores de la Argentina","alternateName":"Distribuimos productos premium argentinos para cocteler\u00eda y gastronom\u00eda, con una selecci\u00f3n cuidada que garantiza calidad para bares y restaurantes.","url":"https:\/\/www.saboresdelaargentina.com\/","logo":{"@type":"ImageObject","inLanguage":"es","@id":"https:\/\/www.saboresdelaargentina.com\/#\/schema\/logo\/image\/","url":"https:\/\/www.saboresdelaargentina.com\/wp-content\/uploads\/2024\/12\/sabores-de-la-argentina-gastronomia-cocteleria-premium-distribuidora-productos-web-04.png","contentUrl":"https:\/\/www.saboresdelaargentina.com\/wp-content\/uploads\/2024\/12\/sabores-de-la-argentina-gastronomia-cocteleria-premium-distribuidora-productos-web-04.png","width":347,"height":348,"caption":"Sabores de la Argentina"},"image":{"@id":"https:\/\/www.saboresdelaargentina.com\/#\/schema\/logo\/image\/"},"sameAs":["https:\/\/www.facebook.com\/saboresdelaarg","https:\/\/www.instagram.com\/saboresdelaarg\/"]}]}},"_links":{"self":[{"href":"https:\/\/www.saboresdelaargentina.com\/index.php\/wp-json\/wp\/v2\/pages\/1966","targetHints":{"allow":["GET"]}}],"collection":[{"href":"https:\/\/www.saboresdelaargentina.com\/index.php\/wp-json\/wp\/v2\/pages"}],"about":[{"href":"https:\/\/www.saboresdelaargentina.com\/index.php\/wp-json\/wp\/v2\/types\/page"}],"author":[{"embeddable":true,"href":"https:\/\/www.saboresdelaargentina.com\/index.php\/wp-json\/wp\/v2\/users\/1"}],"replies":[{"embeddable":true,"href":"https:\/\/www.saboresdelaargentina.com\/index.php\/wp-json\/wp\/v2\/comments?post=1966"}],"version-history":[{"count":4,"href":"https:\/\/www.saboresdelaargentina.com\/index.php\/wp-json\/wp\/v2\/pages\/1966\/revisions"}],"predecessor-version":[{"id":1971,"href":"https:\/\/www.saboresdelaargentina.com\/index.php\/wp-json\/wp\/v2\/pages\/1966\/revisions\/1971"}],"wp:attachment":[{"href":"https:\/\/www.saboresdelaargentina.com\/index.php\/wp-json\/wp\/v2\/media?parent=1966"}],"curies":[{"name":"wp","href":"https:\/\/api.w.org\/{rel}","templated":true}]}}